{"id":1147,"date":"2021-12-14T09:35:24","date_gmt":"2021-12-14T06:35:24","guid":{"rendered":"http:\/\/www.tandt.com.tr?page_id=1147"},"modified":"2022-01-17T22:35:17","modified_gmt":"2022-01-17T19:35:17","slug":"garanti-sertifikasi-ru","status":"publish","type":"page","link":"https:\/\/www.tandt.com.tr\/?page_id=1147","title":{"rendered":"\u0413\u0410\u0420\u0410\u041d\u0422\u0418\u0419\u041d\u042b\u0419 \u0421\u0415\u0420\u0422\u0418\u0424\u0418\u041a\u0410\u0422"},"content":{"rendered":"<section class=\"l-section wpb_row height_auto width_full\"><div class=\"l-section-h i-cf\"><div class=\"g-cols via_grid cols_1 laptops-cols_inherit tablets-cols_inherit mobiles-cols_1 valign_top type_default\"><div class=\"wpb_column vc_column_container\"><div class=\"vc_column-inner\"><div class=\"w-image align_center\"><div class=\"w-image-h\"><img loading=\"lazy\" decoding=\"async\" width=\"1907\" height=\"434\" src=\"https:\/\/www.tandt.com.tr\/wp-content\/uploads\/2021\/08\/0052.jpg\" class=\"attachment-full size-full\" alt=\"\" srcset=\"https:\/\/www.tandt.com.tr\/wp-content\/uploads\/2021\/08\/0052.jpg 1907w, https:\/\/www.tandt.com.tr\/wp-content\/uploads\/2021\/08\/0052-300x68.jpg 300w, https:\/\/www.tandt.com.tr\/wp-content\/uploads\/2021\/08\/0052-1024x233.jpg 1024w\" sizes=\"auto, (max-width: 1907px) 100vw, 1907px\" \/><\/div><\/div><\/div><\/div><\/div><\/div><\/section><section class=\"l-section wpb_row height_medium with_img\"><div class=\"l-section-img\" style=\"background-image: url(https:\/\/www.tandt.com.tr\/wp-content\/uploads\/2021\/09\/5634876.png);background-position: top right;background-repeat: no-repeat;background-size: contain;\" data-img-width=\"1250\" data-img-height=\"2811\"><\/div><div class=\"l-section-h i-cf\"><div class=\"g-cols via_grid cols_2-1 laptops-cols_inherit tablets-cols_inherit mobiles-cols_1 valign_top type_default\"><div class=\"wpb_column vc_column_container\"><div class=\"vc_column-inner\"><div class=\"wpb_text_column us_custom_e5aea6d2\"><div class=\"wpb_wrapper\"><div class=\"col-xs-12 col-sm-6 col-sm-offset-3\">\n<div class=\"row text-shadow\">\n<div class=\"col-xs-12 col-sm-6 col-sm-offset-3\">\n<div class=\"row text-shadow\">\n<div class=\"col-xs-12 col-sm-6 col-sm-offset-3\">\n<h1>\u0413\u0410\u0420\u0410\u041d\u0422\u0418\u0419\u041d\u042b\u0419 \u0421\u0415\u0420\u0422\u0418\u0424\u0418\u041a\u0410\u0422<\/h1>\n<p><img loading=\"lazy\" decoding=\"async\" class=\"alignnone size-medium wp-image-179\" src=\"http:\/\/www.tandt.com.trwp-content\/uploads\/2021\/09\/TT-logo-orjinal-300x153.png\" alt=\"\" width=\"300\" height=\"153\" srcset=\"https:\/\/www.tandt.com.tr\/wp-content\/uploads\/2021\/09\/TT-logo-orjinal-300x153.png 300w, https:\/\/www.tandt.com.tr\/wp-content\/uploads\/2021\/09\/TT-logo-orjinal.png 320w\" sizes=\"auto, (max-width: 300px) 100vw, 300px\" \/><\/p>\n<\/div>\n<\/div>\n<\/div>\n<\/div>\n<div class=\"row text-shadow\">\n<div class=\"col-xs-12 col-sm-6 col-sm-offset-3\">\n<div class=\"row text-shadow\">\n<div class=\"col-xs-12 col-sm-6 col-sm-offset-3\">\n<p>\u0413\u0410\u0420\u0410\u041d\u0422\u0418\u0419\u041d\u042b\u0419 \u0421\u0415\u0420\u0422\u0418\u0424\u0418\u041a\u0410\u0422<\/p>\n<p>ERPEN \u0421\u0415\u0420\u0422\u0418\u0424\u0418\u041a\u0410\u0422 \u0413\u0410\u0420\u0410\u041d\u0422\u0418\u0418 5 \u041b\u0415\u0422<\/p>\n<p>1. \u0413\u0430\u0440\u0430\u043d\u0442\u0438\u0439\u043d\u044b\u0439 \u0441\u0440\u043e\u043a \u0438\u0441\u0447\u0438\u0441\u043b\u044f\u0435\u0442\u0441\u044f \u0441\u043e \u0434\u043d\u044f \u0434\u043e\u0441\u0442\u0430\u0432\u043a\u0438 \u0442\u043e\u0432\u0430\u0440\u0430 \u0437\u0430\u043a\u0430\u0437\u0447\u0438\u043a\u0443.<\/p>\n<p>2. \u0413\u0430\u0440\u0430\u043d\u0442\u0438\u044f \u0440\u0430\u0441\u043f\u0440\u043e\u0441\u0442\u0440\u0430\u043d\u044f\u0435\u0442\u0441\u044f \u043d\u0430 \u0432\u0441\u044e \u043f\u0440\u043e\u0434\u0443\u043a\u0446\u0438\u044e \u0438 \u0444\u0443\u0440\u043d\u0438\u0442\u0440\u0443, \u043f\u0440\u043e\u0438\u0437\u0432\u043e\u0434\u0438\u043c\u0443\u044e \u043a\u043e\u043c\u043f\u0430\u043d\u0438\u0435\u0439 Erpen<\/p>\n<p>3. \u041f\u0440\u043e\u0434\u0443\u043a\u0446\u0438\u044f, \u043f\u0440\u043e\u0438\u0437\u0432\u043e\u0434\u0438\u043c\u0430\u044f Erpen, \u0441\u043e\u043e\u0442\u0432\u0435\u0442\u0441\u0442\u0432\u0443\u0435\u0442 \u0442\u0440\u0435\u0431\u043e\u0432\u0430\u043d\u0438\u044f\u043c \u0441\u0442\u0430\u043d\u0434\u0430\u0440\u0442\u043e\u0432 EN 1906, EN 13126-8 \u0438 EN 1670 \/ Grade 4, \u0430 \u0438\u0441\u043f\u044b\u0442\u0430\u043d\u0438\u044f \u043d\u0430 \u043a\u043e\u0440\u0440\u043e\u0437\u0438\u044e \u043f\u0440\u043e\u0432\u043e\u0434\u044f\u0442\u0441\u044f \u0432 \u0441\u043e\u043e\u0442\u0432\u0435\u0442\u0441\u0442\u0432\u0438\u0438 \u0441\u043e \u0441\u0442\u0430\u043d\u0434\u0430\u0440\u0442\u043e\u043c ISO 9227.\u00a0 \u0412 \u0441\u043e\u043e\u0442\u0432\u0435\u0442\u0441\u0442\u0432\u0438\u0438 \u0441 \u044d\u0442\u0438\u043c\u0438 \u0443\u0441\u043b\u043e\u0432\u0438\u044f\u043c\u0438 \u043d\u0430 \u043f\u0440\u043e\u0434\u0443\u043a\u0446\u0438\u044e Erpen \u043f\u0440\u0435\u0434\u043e\u0441\u0442\u0430\u0432\u043b\u044f\u0435\u0442\u0441\u044f 5-\u043b\u0435\u0442\u043d\u044f\u044f \u0433\u0430\u0440\u0430\u043d\u0442\u0438\u044f \u043d\u0430 \u043c\u0435\u0445\u0430\u043d\u0438\u0447\u0435\u0441\u043a\u043e\u0435 \u043e\u0431\u043e\u0440\u0443\u0434\u043e\u0432\u0430\u043d\u0438\u0435 \u0438 240-\u0447\u0430\u0441\u043e\u0432\u0430\u044f \u0433\u0430\u0440\u0430\u043d\u0442\u0438\u044f \u0443\u0441\u0442\u043e\u0439\u0447\u0438\u0432\u043e\u0441\u0442\u0438 \u043a \u043a\u043e\u0440\u0440\u043e\u0437\u0438\u0438.<\/p>\n<p>4. \u041d\u0435\u0438\u0441\u043f\u0440\u0430\u0432\u043d\u044b\u0439 \u041f\u0440\u043e\u0434\u0443\u043a\u0442 (\u043f\u0440\u043e\u0434\u0443\u043a\u0442) \u0438\u043b\u0438 \u0435\u0433\u043e \u043a\u043e\u043c\u043f\u043e\u043d\u0435\u043d\u0442\u044b \u0431\u0443\u0434\u0443\u0442 \u0437\u0430\u043c\u0435\u043d\u0435\u043d\u044b \u0431\u0435\u0441\u043f\u043b\u0430\u0442\u043d\u043e, \u043f\u043e\u044d\u0442\u043e\u043c\u0443 \u043a\u043e\u043c\u043f\u0435\u043d\u0441\u0430\u0446\u0438\u044f \u043d\u0435 \u043f\u0440\u0435\u0434\u043e\u0441\u0442\u0430\u0432\u043b\u044f\u0435\u0442\u0441\u044f.<\/p>\n<p>5. \u0413\u0430\u0440\u0430\u043d\u0442\u0438\u044f \u0440\u0430\u0441\u043f\u0440\u043e\u0441\u0442\u0440\u0430\u043d\u044f\u0435\u0442\u0441\u044f \u0442\u043e\u043b\u044c\u043a\u043e \u043d\u0430 \u043f\u0440\u043e\u0434\u0443\u043a\u0446\u0438\u044e Erpen, \u0435\u0441\u043b\u0438 \u043e\u043d\u0430 \u0438\u0441\u043f\u043e\u043b\u044c\u0437\u0443\u0435\u0442\u0441\u044f \u0432 \u043a\u043e\u043c\u043f\u043b\u0435\u043a\u0442\u0435.<\/p>\n<p>6. \u0413\u0430\u0440\u0430\u043d\u0442\u0438\u044f \u043d\u0435 \u0440\u0430\u0441\u043f\u0440\u043e\u0441\u0442\u0440\u0430\u043d\u044f\u0435\u0442\u0441\u044f \u043d\u0430 \u0441\u043b\u0435\u0434\u0443\u044e\u0449\u0438\u0435 \u0441\u043b\u0443\u0447\u0430\u0438.<\/p>\n<p>6.1.\u00a0 \u041e\u0448\u0438\u0431\u043a\u0438 \u0441\u0431\u043e\u0440\u043a\u0438 (\u043d\u0435\u043f\u0440\u0430\u0432\u0438\u043b\u044c\u043d\u0430\u044f \u0441\u0431\u043e\u0440\u043a\u0430, \u0443\u0434\u0430\u0440 \u0432\u043e \u0432\u0440\u0435\u043c\u044f \u0441\u0431\u043e\u0440\u043a\u0438, \u043d\u0435\u0438\u0441\u043f\u043e\u043b\u044c\u0437\u043e\u0432\u0430\u043d\u0438\u0435 \u043e\u0431\u043e\u0440\u0443\u0434\u043e\u0432\u0430\u043d\u0438\u044f, \u043f\u043e\u0434\u0445\u043e\u0434\u044f\u0449\u0435\u0433\u043e \u0434\u043b\u044f \u044d\u0442\u043e\u0439 \u0446\u0435\u043b\u0438 \u0432\u043e \u0432\u0440\u0435\u043c\u044f \u0441\u0431\u043e\u0440\u043a\u0438, \u0444\u0438\u043a\u0441\u0430\u0446\u0438\u044f (\u0441\u0431\u043e\u0440\u043a\u0430) \u043f\u0440\u043e\u0434\u0443\u043a\u0442\u0430 \u0432 \u043d\u0435\u043e\u0431\u043e\u0437\u043d\u0430\u0447\u0435\u043d\u043d\u044b\u0445 \u043c\u0435\u0441\u0442\u0430\u0445 \u0438\u043b\u0438 \u043f\u043e\u043f\u044b\u0442\u043a\u0430 \u0443\u0441\u0442\u0430\u043d\u043e\u0432\u043a\u0438, \u0441 \u0438\u0441\u043f\u043e\u043b\u044c\u0437\u043e\u0432\u0430\u043d\u0438\u0435\u043c \u043d\u0435\u0441\u043e\u043e\u0442\u0432\u0435\u0442\u0441\u0442\u0432\u0443\u044e\u0449\u0435\u0433\u043e \u0441\u043e\u0435\u0434\u0438\u043d\u0438\u0442\u0435\u043b\u044c\u043d\u043e\u0433\u043e \u043e\u0431\u043e\u0440\u0443\u0434\u043e\u0432\u0430\u043d\u0438\u044f \u0432\u043c\u0435\u0441\u0442\u043e \u043e\u0431\u043e\u0440\u0443\u0434\u043e\u0432\u0430\u043d\u0438\u0435, \u043f\u0440\u0435\u0434\u043e\u0441\u0442\u0430\u0432\u043b\u0435\u043d\u043d\u043e\u0433\u043e \u043f\u0440\u043e\u0438\u0437\u0432\u043e\u0434\u0438\u0442\u0435\u043b\u0435\u043c)<br \/>\n6.2.\u00a0 \u041e\u0448\u0438\u0431\u043a\u0438 \u043f\u043e\u043b\u044c\u0437\u043e\u0432\u0430\u0442\u0435\u043b\u0435\u0439.<\/p>\n<p>\u0418\u0441\u043f\u043e\u043b\u044c\u0437\u043e\u0432\u0430\u043d\u0438\u0435 \u043a\u0438\u0441\u043b\u043e\u0442\u044b, \u0441\u043e\u043b\u0435\u0432\u043e\u0433\u043e \u0441\u043f\u0438\u0440\u0442\u0430, \u0441\u0440\u0435\u0434\u0441\u0442\u0432\u0430 \u0434\u043b\u044f \u0443\u0434\u0430\u043b\u0435\u043d\u0438\u044f \u043d\u0430\u043a\u0438\u043f\u0438, \u043b\u044e\u0431\u044b\u0445 \u0430\u0431\u0440\u0430\u0437\u0438\u0432\u043d\u044b\u0445 \u0438\u043b\u0438 \u0446\u0430\u0440\u0430\u043f\u0430\u044e\u0449\u0438\u0445 \u043f\u043e\u0440\u043e\u0448\u043a\u043e\u0432 \u0438 \/ \u0438\u043b\u0438 \u0436\u0438\u0434\u043a\u0438\u0445 \u0445\u0438\u043c\u0438\u0447\u0435\u0441\u043a\u0438\u0445 \u043c\u0430\u0442\u0435\u0440\u0438\u0430\u043b\u043e\u0432 \u043d\u0430 \u043f\u0440\u043e\u0434\u0443\u043a\u0442\u0435 (\u043f\u0440\u043e\u0434\u0443\u043a\u0442\u0435) \u0438\u043b\u0438 \u0435\u0433\u043e \u043a\u043e\u043c\u043f\u043e\u043d\u0435\u043d\u0442\u0430\u0445 \u0438\u043b\u0438 \u0440\u044f\u0434\u043e\u043c \u0441 \u043d\u0438\u043c.<\/p>\n<p>\u0418\u0441\u043f\u043e\u043b\u044c\u0437\u043e\u0432\u0430\u043d\u0438\u0435 \u043c\u0435\u0442\u0430\u043b\u043b\u0438\u0447\u0435\u0441\u043a\u0438\u0445 \u0438 \u0436\u0451\u0441\u0442\u043a\u0438\u0445 \u0433\u0443\u0431\u043e\u043a \u0438 \u0449\u0435\u0442\u043e\u043a \u0434\u043b\u044f \u043e\u0447\u0438\u0449\u0435\u043d\u0438\u044f \u043f\u043e\u0432\u0435\u0440\u0445\u043d\u043e\u0441\u0442\u0438 \u0438\u0437\u0434\u0435\u043b\u0438\u044f \u043e\u0442 \u0437\u0430\u0433\u0440\u044f\u0437\u043d\u0435\u043d\u0438\u0439, \u043a\u043e\u0442\u043e\u0440\u044b\u0435 \u043e\u0441\u0442\u0430\u0432\u043b\u044f\u044e\u0442 \u0446\u0430\u0440\u0430\u043f\u0438\u043d\u044b \u0438 \u043f\u043e\u0432\u0440\u0435\u0436\u0434\u0435\u043d\u0438\u044f \u043d\u0430 \u043f\u043e\u0432\u0435\u0440\u0445\u043d\u043e\u0441\u0442\u0438 \u0438\u0437\u0434\u0435\u043b\u0438\u0439.<\/p>\n<p>\u0412\u043e\u0437\u0434\u0435\u0439\u0441\u0442\u0432\u0438\u0435 \u043d\u0430 \u0438\u0437\u0434\u0435\u043b\u0438\u0435 (\u0438\u0437\u0434\u0435\u043b\u0438\u0435) \u0438\u043b\u0438 \u0435\u0433\u043e \u043a\u043e\u043c\u043f\u043e\u043d\u0435\u043d\u0442\u044b \u043d\u0430\u0433\u0440\u0443\u0437\u043a\u0438, \u043e\u0442\u043b\u0438\u0447\u043d\u043e\u0439 \u043e\u0442 \u0441\u0442\u0430\u043d\u0434\u0430\u0440\u0442\u043d\u043e\u0439.<\/p>\n<p>\u0422\u0440\u0435\u0449\u0438\u043d\u044b, \u043f\u043e\u043b\u043e\u043c\u043a\u0438 \u0438 \u043f\u043e\u0432\u0440\u0435\u0436\u0434\u0435\u043d\u0438\u044f \u0437\u0430\u0449\u0438\u0442\u043d\u043e\u0433\u043e \u0441\u043b\u043e\u044f \u0438\u0437\u0434\u0435\u043b\u0438\u044f \u0432 \u0440\u0435\u0437\u0443\u043b\u044c\u0442\u0430\u0442\u0435 \u0443\u0434\u0430\u0440\u0430 \u0438\u043b\u0438 \u043c\u0435\u0445\u0430\u043d\u0438\u0447\u0435\u0441\u043a\u043e\u0433\u043e \u043f\u043e\u0432\u0440\u0435\u0436\u0434\u0435\u043d\u0438\u044f \u0438\u0437\u0434\u0435\u043b\u0438\u044f.<\/p>\n<p>6.3.\u00a0 \u041d\u0435\u0441\u043e\u0431\u043b\u044e\u0434\u0435\u043d\u0438\u0435 \u0443\u0441\u043b\u043e\u0432\u0438\u0439 \u0445\u0440\u0430\u043d\u0435\u043d\u0438\u044f \u043f\u043e\u043a\u0443\u043f\u0430\u0442\u0435\u043b\u0435\u043c \u0442\u043e\u0432\u0430\u0440\u0430 (\u0442\u043e\u0432\u0430\u0440\u0430) \u0438\u043b\u0438 \u0435\u0433\u043e \u043a\u043e\u043c\u043f\u043e\u043d\u0435\u043d\u0442\u043e\u0432.<\/p>\n<p>6.4.\u00a0 \u041d\u0435\u043f\u0440\u0430\u0432\u0438\u043b\u044c\u043d\u043e\u0435 \u043e\u0431\u0440\u0430\u0449\u0435\u043d\u0438\u0435 \u0441 \u0442\u043e\u0432\u0430\u0440\u043e\u043c (\u043f\u0440\u043e\u0434\u0443\u043a\u0442\u043e\u043c) \u0438\u043b\u0438 \u0435\u0433\u043e \u0441\u043e\u0441\u0442\u0430\u0432\u043d\u044b\u043c\u0438 \u0447\u0430\u0441\u0442\u044f\u043c\u0438 \u0441\u043e \u0441\u0442\u043e\u0440\u043e\u043d\u044b \u043f\u043e\u043a\u0443\u043f\u0430\u0442\u0435\u043b\u044f, \u043f\u043e\u0432\u0440\u0435\u0436\u0434\u0435\u043d\u0438\u0435 \u043f\u043e\u0441\u044b\u043b\u043e\u043a \u0438\u043b\u0438 \u044f\u0449\u0438\u043a\u043e\u0432 \u043f\u0440\u0438 \u0442\u0440\u0430\u043d\u0441\u043f\u043e\u0440\u0442\u0438\u0440\u043e\u0432\u043a\u0435 \/ \u0448\u0442\u0430\u0431\u0435\u043b\u0438\u0440\u043e\u0432\u0430\u043d\u0438\u0438.<\/p>\n<p>6.5.\u00a0 \u0414\u0435\u0444\u043e\u0440\u043c\u0430\u0446\u0438\u044f, \u0438\u0437\u0433\u0438\u0431, \u0438\u0437\u0433\u0438\u0431 \u0438\u0437\u0434\u0435\u043b\u0438\u044f (\u0438\u0437\u0434\u0435\u043b\u0438\u044f) \u0438\u043b\u0438 \u0435\u0433\u043e \u043a\u043e\u043c\u043f\u043e\u043d\u0435\u043d\u0442\u043e\u0432 \u043f\u043e\u0434 \u0434\u0435\u0439\u0441\u0442\u0432\u0438\u0435\u043c \u0441\u0438\u043b\u044b.<\/p>\n<p>6.6. \u041f\u043e\u0432\u0440\u0435\u0436\u0434\u0435\u043d\u0438\u044f \u043f\u043e\u0432\u0435\u0440\u0445\u043d\u043e\u0441\u0442\u0438 \u043f\u0440\u0438 \u043f\u043e\u043f\u044b\u0442\u043a\u0435 \u0441\u0430\u043c\u043e\u0441\u0442\u043e\u044f\u0442\u0435\u043b\u044c\u043d\u043e\u00a0 \u043e\u0442\u0440\u0435\u043c\u043e\u043d\u0442\u0438\u0440\u043e\u0432\u0430\u0442\u044c \u0438\u0437\u0434\u0435\u043b\u0438\u0435.<\/p>\n<p>6.7. \u0423\u0441\u0442\u0430\u043d\u043e\u0432\u043a\u0430 \u0438\u00a0 \u042d\u043a\u0441\u043f\u043b\u0443\u0430\u0442\u0430\u0446\u0438\u044f \u0438\u0437\u0434\u0435\u043b\u0438\u0439 \u0432\u0431\u043b\u0438\u0437\u0438 \u0432\u043e\u0434\u043d\u044b\u0445 \u043e\u0431\u044a\u0435\u043a\u0442\u043e\u0432 \u043d\u0430 \u0440\u0430\u0441\u0441\u0442\u043e\u044f\u043d\u0438\u0438 \u043c\u0435\u043d\u0435\u0435 10 \u043a\u043c.<\/p>\n<p>6.8. \u0418\u0441\u043f\u043e\u043b\u044c\u0437\u043e\u0432\u0430\u043d\u0438\u0435 \u043f\u0440\u043e\u0434\u0443\u043a\u0442\u0430 \u043d\u0430 \u0442\u0440\u0430\u043d\u0441\u043f\u043e\u0440\u0442\u043d\u044b\u0445 \u0441\u0440\u0435\u0434\u0441\u0442\u0432\u0430\u0445, \u0442\u0430\u043a\u0438\u0445 \u043a\u0430\u043a \u043a\u043e\u0440\u0430\u0431\u043b\u044c, \u043b\u043e\u0434\u043a\u0430 \u0438 \u0442.\u0434.<\/p>\n<p>6.9.\u00a0 \u0418\u0441\u043f\u043e\u043b\u044c\u0437\u043e\u0432\u0430\u043d\u0438\u0435 \u043f\u0440\u043e\u0434\u0443\u043a\u0442\u0430 (\u043f\u0440\u043e\u0434\u0443\u043a\u0442\u0430) \u0438\u043b\u0438 \u0435\u0433\u043e \u043a\u043e\u043c\u043f\u043e\u043d\u0435\u043d\u0442\u043e\u0432 \u0432 \u043f\u043e\u043c\u0435\u0449\u0435\u043d\u0438\u044f\u0445 \u0441 \u0432\u044b\u0441\u043e\u043a\u043e\u0439 \u0432\u043b\u0430\u0436\u043d\u043e\u0441\u0442\u044c\u044e \u0438 \u043f\u0430\u0440\u043e\u043c, \u0442\u0430\u043a\u0438\u0445 \u043a\u0430\u043a \u0432\u0430\u043d\u043d\u044b\u0435 \u043a\u043e\u043c\u043d\u0430\u0442\u044b, \u0442\u0443\u0440\u0435\u0446\u043a\u0438\u0435 \u0431\u0430\u043d\u0438, \u0442\u0443\u0430\u043b\u0435\u0442\u044b.<\/p>\n<p>6.10.\u00a0 \u0418\u0441\u043f\u043e\u043b\u044c\u0437\u043e\u0432\u0430\u043d\u0438\u0435 \u043f\u0440\u043e\u0434\u0443\u043a\u0442\u0430 (\u043f\u0440\u043e\u0434\u0443\u043a\u0442\u0430) \u0438\u043b\u0438 \u0435\u0433\u043e \u043a\u043e\u043c\u043f\u043e\u043d\u0435\u043d\u0442\u043e\u0432 \u0432 \u043f\u043e\u043c\u0435\u0449\u0435\u043d\u0438\u044f\u0445 \u043f\u0440\u043e\u0438\u0437\u0432\u043e\u0434\u0441\u0442\u0432\u0430 \u0445\u0438\u043c\u0438\u0447\u0435\u0441\u043a\u0438\u0445 \u043c\u0430\u0442\u0435\u0440\u0438\u0430\u043b\u043e\u0432 \u0438\u043b\u0438 \u043d\u0430 \u0444\u0430\u0431\u0440\u0438\u043a\u0430\u0445, \u043c\u0430\u0441\u0442\u0435\u0440\u0441\u043a\u0438\u0445 \u0438\u043b\u0438 \u043f\u0440\u043e\u0438\u0437\u0432\u043e\u0434\u0441\u0442\u0432\u0435\u043d\u043d\u044b\u0445 \u043e\u0431\u044a\u0435\u043a\u0442\u0430\u0445, \u0433\u0434\u0435 \u043e\u0441\u0443\u0449\u0435\u0441\u0442\u0432\u043b\u044f\u0435\u0442\u0441\u044f \u043f\u0440\u043e\u0438\u0437\u0432\u043e\u0434\u0441\u0442\u0432\u043e \u043f\u0438\u0449\u0435\u0432\u044b\u0445 \u043f\u0440\u043e\u0434\u0443\u043a\u0442\u043e\u0432 \u0438\u043b\u0438 \u043f\u0440\u043e\u043c\u044b\u0448\u043b\u0435\u043d\u043d\u044b\u0445 \u043c\u0430\u0442\u0435\u0440\u0438\u0430\u043b\u043e\u0432, \u0438\u0437\u0433\u043e\u0442\u043e\u0432\u043b\u0435\u043d\u043d\u044b\u0445 \u0441 \u0438\u0441\u043f\u043e\u043b\u044c\u0437\u043e\u0432\u0430\u043d\u0438\u0435\u043c \u0445\u0438\u043c\u0438\u0447\u0435\u0441\u043a\u0438\u0445 \u043c\u0430\u0442\u0435\u0440\u0438\u0430\u043b\u043e\u0432.<\/p>\n<p>6.11.\u00a0 \u0423\u0432\u0435\u0434\u043e\u043c\u043b\u0435\u043d\u0438\u0435 \u043e \u043d\u0435\u0438\u0441\u043f\u0440\u0430\u0432\u043d\u043e\u0441\u0442\u044f\u0445 \u0442\u043e\u0432\u0430\u0440\u0430 (\u0442\u043e\u0432\u0430\u0440\u0430) \u0438\u043b\u0438 \u0435\u0433\u043e \u043a\u043e\u043c\u043f\u043e\u043d\u0435\u043d\u0442\u043e\u0432 \u043f\u043e \u0438\u0441\u0442\u0435\u0447\u0435\u043d\u0438\u0438 \u0433\u0430\u0440\u0430\u043d\u0442\u0438\u0439\u043d\u043e\u0433\u043e \u0441\u0440\u043e\u043a\u0430.<\/p>\n<p>6.12.\u00a0 \u0417\u0430\u043f\u0440\u043e\u0441 \u043d\u0430 \u0437\u0430\u043c\u0435\u043d\u0443 \u0431\u0435\u0437 \u043a\u043e\u043f\u0438\u0438 \u0441\u0447\u0435\u0442\u0430-\u0444\u0430\u043a\u0442\u0443\u0440\u044b \u0441 \u0443\u043a\u0430\u0437\u0430\u043d\u0438\u0435\u043c \u0434\u0430\u0442\u044b \u043f\u043e\u0441\u0442\u0430\u0432\u043a\u0438 \u0442\u043e\u0432\u0430\u0440\u0430 (\u043f\u0440\u043e\u0434\u0443\u043a\u0442\u0430) \u0438\u043b\u0438 \u0435\u0433\u043e \u043a\u043e\u043c\u043f\u043e\u043d\u0435\u043d\u0442\u043e\u0432.<\/p>\n<p>6.13.\u00a0 \u041f\u043b\u0435\u0441\u0435\u043d\u044c \u043d\u0430 \u0438\u0437\u0434\u0435\u043b\u0438\u0438 (\u043f\u0440\u043e\u0434\u0443\u043a\u0442\u0435) \u0438\u043b\u0438 \u0435\u0433\u043e \u043a\u043e\u043c\u043f\u043e\u043d\u0435\u043d\u0442\u0430\u0445 \u043d\u0435 \u0432\u043e\u0441\u043f\u0440\u0438\u043d\u0438\u043c\u0430\u0435\u0442\u0441\u044f \u043a\u0430\u043a \u0440\u0436\u0430\u0432\u0447\u0438\u043d\u0430, \u0438 \u043d\u0430 \u043d\u0435\u0435 \u043d\u0435 \u0440\u0430\u0441\u043f\u0440\u043e\u0441\u0442\u0440\u0430\u043d\u044f\u0435\u0442\u0441\u044f \u0433\u0430\u0440\u0430\u043d\u0442\u0438\u044f.\u00a0 \u0413\u0430\u0440\u0430\u043d\u0442\u0438\u044f \u043e\u0442 \u043f\u043b\u0435\u0441\u0435\u043d\u0438 \u0440\u0430\u0441\u043f\u0440\u043e\u0441\u0442\u0440\u0430\u043d\u044f\u0435\u0442\u0441\u044f \u0442\u043e\u043b\u044c\u043a\u043e \u043d\u0430 \u0434\u0432\u0435\u0440\u043d\u044b\u0435 \u0433\u0430\u0440\u043d\u0438\u0442\u0443\u0440\u044b (\u0434\u0432\u0435\u0440\u043d\u0430\u044f \u0440\u0443\u0447\u043a\u0430, \u0437\u0435\u0440\u043a\u0430\u043b\u043e) \u0438 \u043e\u043a\u043e\u043d\u043d\u044b\u0435 \u0440\u0443\u0447\u043a\u0438.<\/p>\n<p>&nbsp;<\/p>\n<p>7. \u041d\u0435\u0441\u043e\u043e\u0442\u0432\u0435\u0442\u0441\u0442\u0432\u0443\u044e\u0449\u0438\u0435 \u043f\u0440\u043e\u0434\u0443\u043a\u0442\u044b \u0432 \u0440\u0430\u043c\u043a\u0430\u0445 \u0433\u0430\u0440\u0430\u043d\u0442\u0438\u0438 \u0434\u043e\u043b\u0436\u043d\u044b \u0431\u044b\u0442\u044c \u0441\u043e\u043e\u0431\u0449\u0435\u043d\u044b \u0432 Erpen \u0432\u043c\u0435\u0441\u0442\u0435 \u0441 \u043a\u043e\u043f\u0438\u0435\u0439 \u0441\u0447\u0435\u0442\u0430 \u0438 \u0438\u043d\u0444\u043e\u0440\u043c\u0430\u0446\u0438\u0435\u0439 \u043e \u043a\u0433 \u0431\u0435\u0437 \u043f\u043e\u0442\u0435\u0440\u0438 \u0432\u0440\u0435\u043c\u0435\u043d\u0438.\u00a0 \u041d\u0435\u0441\u043e\u043e\u0442\u0432\u0435\u0442\u0441\u0442\u0432\u0443\u044e\u0449\u0438\u0435 \u043f\u0440\u043e\u0434\u0443\u043a\u0442\u044b, \u043f\u043e\u0434\u043b\u0435\u0436\u0430\u0449\u0438\u0435 \u0432\u043e\u0437\u0432\u0440\u0430\u0442\u0443 \u043f\u043e \u0438\u0441\u0442\u0435\u0447\u0435\u043d\u0438\u0438 \u0433\u0430\u0440\u0430\u043d\u0442\u0438\u0439\u043d\u043e\u0433\u043e \u0441\u0440\u043e\u043a\u0430, \u043d\u0435 \u0440\u0430\u0441\u0441\u043c\u0430\u0442\u0440\u0438\u0432\u0430\u044e\u0442\u0441\u044f \u0432 \u0440\u0430\u043c\u043a\u0430\u0445 \u0433\u0430\u0440\u0430\u043d\u0442\u0438\u0438.<\/p>\n<p>8. \u0413\u0430\u0440\u0430\u043d\u0442\u0438\u0439\u043d\u044b\u0439 \u0442\u0430\u043b\u043e\u043d \u0434\u0435\u0439\u0441\u0442\u0432\u0438\u0442\u0435\u043b\u0435\u043d \u0441 \u0434\u0430\u0442\u044b \u0435\u0433\u043e \u043f\u043e\u0434\u043f\u0438\u0441\u0430\u043d\u0438\u044f \u0441\u0442\u043e\u0440\u043e\u043d\u0430\u043c\u0438.<\/p>\n<p>&nbsp;<\/p>\n<p>&nbsp;<\/p>\n<p align=\"center\"><strong><img loading=\"lazy\" decoding=\"async\" class=\"alignnone size-medium wp-image-178\" src=\"http:\/\/www.tandt.com.trwp-content\/uploads\/2021\/09\/erpen-logo-orjinal-300x67.png\" alt=\"\" width=\"300\" height=\"67\" srcset=\"https:\/\/www.tandt.com.tr\/wp-content\/uploads\/2021\/09\/erpen-logo-orjinal-300x67.png 300w, https:\/\/www.tandt.com.tr\/wp-content\/uploads\/2021\/09\/erpen-logo-orjinal-1024x229.png 1024w, https:\/\/www.tandt.com.tr\/wp-content\/uploads\/2021\/09\/erpen-logo-orjinal.png 1233w\" sizes=\"auto, (max-width: 300px) 100vw, 300px\" \/><\/strong><\/p>\n<p align=\"center\"><strong>ERPEN Pencere ve Kap\u0131 Aksesuarlar\u0131 San. Ve Tic. Ltd. \u015eti.<\/strong><\/p>\n<p align=\"center\"><strong>Kaz\u0131m Karabekir Cad. No:82 Ulucak ? Kemalpa\u015fa \/ \u0130zmir\/ T\u00dcRK\u0130YE<\/strong><\/p>\n<p align=\"center\"><strong>TEL: +90.232.877 09 94\u00a0 FAX : 0.232.877 09 95<\/strong><\/p>\n<p align=\"center\"><strong>www.tandt.com.tr<\/strong><\/p>\n<\/div>\n<\/div>\n<\/div>\n<\/div>\n<\/div>\n<\/div><\/div><\/div><\/div><div class=\"wpb_column vc_column_container\"><div class=\"vc_column-inner\"><\/div><\/div><\/div><\/div><\/section>\n","protected":false},"excerpt":{"rendered":"\u0413\u0410\u0420\u0410\u041d\u0422\u0418\u0419\u041d\u042b\u0419 \u0421\u0415\u0420\u0422\u0418\u0424\u0418\u041a\u0410\u0422 \u0413\u0410\u0420\u0410\u041d\u0422\u0418\u0419\u041d\u042b\u0419 \u0421\u0415\u0420\u0422\u0418\u0424\u0418\u041a\u0410\u0422 ERPEN \u0421\u0415\u0420\u0422\u0418\u0424\u0418\u041a\u0410\u0422 \u0413\u0410\u0420\u0410\u041d\u0422\u0418\u0418 5 \u041b\u0415\u0422 1. \u0413\u0430\u0440\u0430\u043d\u0442\u0438\u0439\u043d\u044b\u0439 \u0441\u0440\u043e\u043a \u0438\u0441\u0447\u0438\u0441\u043b\u044f\u0435\u0442\u0441\u044f \u0441\u043e \u0434\u043d\u044f \u0434\u043e\u0441\u0442\u0430\u0432\u043a\u0438 \u0442\u043e\u0432\u0430\u0440\u0430 \u0437\u0430\u043a\u0430\u0437\u0447\u0438\u043a\u0443. 2. \u0413\u0430\u0440\u0430\u043d\u0442\u0438\u044f \u0440\u0430\u0441\u043f\u0440\u043e\u0441\u0442\u0440\u0430\u043d\u044f\u0435\u0442\u0441\u044f \u043d\u0430 \u0432\u0441\u044e \u043f\u0440\u043e\u0434\u0443\u043a\u0446\u0438\u044e \u0438 \u0444\u0443\u0440\u043d\u0438\u0442\u0440\u0443, \u043f\u0440\u043e\u0438\u0437\u0432\u043e\u0434\u0438\u043c\u0443\u044e \u043a\u043e\u043c\u043f\u0430\u043d\u0438\u0435\u0439 Erpen 3. \u041f\u0440\u043e\u0434\u0443\u043a\u0446\u0438\u044f, \u043f\u0440\u043e\u0438\u0437\u0432\u043e\u0434\u0438\u043c\u0430\u044f Erpen, \u0441\u043e\u043e\u0442\u0432\u0435\u0442\u0441\u0442\u0432\u0443\u0435\u0442 \u0442\u0440\u0435\u0431\u043e\u0432\u0430\u043d\u0438\u044f\u043c \u0441\u0442\u0430\u043d\u0434\u0430\u0440\u0442\u043e\u0432 EN 1906, EN 13126-8 \u0438 EN 1670 \/ Grade 4, \u0430 \u0438\u0441\u043f\u044b\u0442\u0430\u043d\u0438\u044f \u043d\u0430 \u043a\u043e\u0440\u0440\u043e\u0437\u0438\u044e \u043f\u0440\u043e\u0432\u043e\u0434\u044f\u0442\u0441\u044f \u0432 \u0441\u043e\u043e\u0442\u0432\u0435\u0442\u0441\u0442\u0432\u0438\u0438 \u0441\u043e \u0441\u0442\u0430\u043d\u0434\u0430\u0440\u0442\u043e\u043c...","protected":false},"author":1,"featured_media":0,"parent":905,"menu_order":0,"comment_status":"closed","ping_status":"closed","template":"","meta":{"footnotes":""},"class_list":["post-1147","page","type-page","status-publish","hentry"],"_links":{"self":[{"href":"https:\/\/www.tandt.com.tr\/index.php?rest_route=\/wp\/v2\/pages\/1147","targetHints":{"allow":["GET"]}}],"collection":[{"href":"https:\/\/www.tandt.com.tr\/index.php?rest_route=\/wp\/v2\/pages"}],"about":[{"href":"https:\/\/www.tandt.com.tr\/index.php?rest_route=\/wp\/v2\/types\/page"}],"author":[{"embeddable":true,"href":"https:\/\/www.tandt.com.tr\/index.php?rest_route=\/wp\/v2\/users\/1"}],"replies":[{"embeddable":true,"href":"https:\/\/www.tandt.com.tr\/index.php?rest_route=%2Fwp%2Fv2%2Fcomments&post=1147"}],"version-history":[{"count":4,"href":"https:\/\/www.tandt.com.tr\/index.php?rest_route=\/wp\/v2\/pages\/1147\/revisions"}],"predecessor-version":[{"id":1352,"href":"https:\/\/www.tandt.com.tr\/index.php?rest_route=\/wp\/v2\/pages\/1147\/revisions\/1352"}],"up":[{"embeddable":true,"href":"https:\/\/www.tandt.com.tr\/index.php?rest_route=\/wp\/v2\/pages\/905"}],"wp:attachment":[{"href":"https:\/\/www.tandt.com.tr\/index.php?rest_route=%2Fwp%2Fv2%2Fmedia&parent=1147"}],"curies":[{"name":"wp","href":"https:\/\/api.w.org\/{rel}","templated":true}]}}