{"id":31,"date":"2021-08-03T16:54:29","date_gmt":"2021-08-03T13:54:29","guid":{"rendered":"http:\/\/www.tandt.com.tr?page_id=31"},"modified":"2022-04-23T16:39:47","modified_gmt":"2022-04-23T13:39:47","slug":"teknik-urun-kataloglari","status":"publish","type":"page","link":"https:\/\/www.tandt.com.tr\/?page_id=31","title":{"rendered":"TEKN\u0130K \u00dcR\u00dcN KATALOGLARI"},"content":{"rendered":"<section class=\"l-section wpb_row height_auto width_full\"><div class=\"l-section-h i-cf\"><div class=\"g-cols via_grid cols_1 laptops-cols_inherit tablets-cols_inherit mobiles-cols_1 valign_top type_default\"><div class=\"wpb_column vc_column_container\"><div class=\"vc_column-inner\"><div class=\"w-image align_center\"><div class=\"w-image-h\"><img loading=\"lazy\" decoding=\"async\" width=\"1907\" height=\"434\" src=\"https:\/\/www.tandt.com.tr\/wp-content\/uploads\/2021\/08\/0052.jpg\" class=\"attachment-full size-full\" alt=\"\" srcset=\"https:\/\/www.tandt.com.tr\/wp-content\/uploads\/2021\/08\/0052.jpg 1907w, https:\/\/www.tandt.com.tr\/wp-content\/uploads\/2021\/08\/0052-300x68.jpg 300w, https:\/\/www.tandt.com.tr\/wp-content\/uploads\/2021\/08\/0052-1024x233.jpg 1024w\" sizes=\"auto, (max-width: 1907px) 100vw, 1907px\" \/><\/div><\/div><\/div><\/div><\/div><\/div><\/section><section class=\"l-section wpb_row height_medium with_img\"><div class=\"l-section-img\" style=\"background-image: url(https:\/\/www.tandt.com.tr\/wp-content\/uploads\/2021\/09\/5634876.png);background-position: top right;background-repeat: no-repeat;background-size: contain;\" data-img-width=\"1250\" data-img-height=\"2811\"><\/div><div class=\"l-section-h i-cf\"><div class=\"g-cols via_grid cols_1-4-1 laptops-cols_inherit tablets-cols_inherit mobiles-cols_1 valign_top type_default\"><div class=\"wpb_column vc_column_container\"><div class=\"vc_column-inner\"><\/div><\/div><div class=\"wpb_column vc_column_container\"><div class=\"vc_column-inner\"><div class=\"w-grid type_grid layout_489 cols_3 ratio_1x1\" id=\"us_grid_1\" data-filterable=\"true\"><style>#us_grid_1 .w-grid-item{padding:1.5rem}#us_grid_1 .w-grid-list{margin:-1.5rem}.w-grid + #us_grid_1 .w-grid-list{margin-top:1.5rem}@media (max-width:899px){#us_grid_1 .w-grid-item{width:50.0000%}#us_grid_1 .w-grid-item.size_2x1,#us_grid_1 .w-grid-item.size_2x2{width:100.0000%}}@media (max-width:599px){#us_grid_1 .w-grid-list{margin:0}#us_grid_1 .w-grid-item{width:100.0000%;padding:0;margin-bottom:1.5rem}}.layout_489 .w-grid-item-h:before{padding-bottom:100.0000%}@media (min-width:600px){.layout_489 .w-grid-item.size_1x2 .w-grid-item-h:before{padding-bottom:calc(200.0000% + 1.5rem + 1.5rem)}.layout_489 .w-grid-item.size_2x1 .w-grid-item-h:before{padding-bottom:calc(50.0000% - 1.5rem * 1.0000)}.layout_489 .w-grid-item.size_2x2 .w-grid-item-h:before{padding-bottom:calc(100.0000% - 1.5rem * 0)}}.layout_489 .w-grid-item-h{}.layout_489 .usg_post_image_1{transition-duration:0.25s;transform-origin:50% 50%;transform:scale(1) translate(0%,0%)}.layout_489 .w-grid-item-h:hover .usg_post_image_1{transform:scale(1) translate(0%,0%);opacity:0.1}.layout_489 .usg_post_title_1{transition-duration:0.25s;transform-origin:50% 50%;transform:scale(1) translate(0%,-50%);opacity:0}.layout_489 .w-grid-item-h:hover .usg_post_title_1{transform:scale(1) translate(0%,0%);opacity:1}.layout_489 .usg_post_taxonomy_1{transition-duration:0.25s;transform-origin:50% 50%;transform:scale(1) translate(0%,75%);opacity:0}.layout_489 .w-grid-item-h:hover .usg_post_taxonomy_1{transform:scale(1) translate(0%,0%);opacity:0.75}.layout_489 .usg_post_image_1{position:absolute!important;left:0!important;top:0!important;bottom:0!important;right:0!important}.layout_489 .usg_vwrapper_1{position:absolute!important;top:0!important;right:0!important;bottom:0!important;left:0!important;padding:4rem!important}.layout_489 .usg_post_title_1{color:inherit!important;font-size:1.4rem!important}<\/style><div class=\"w-grid-list\">\t<article class=\"w-grid-item size_1x1 post-558 us_portfolio type-us_portfolio status-publish has-post-thumbnail hentry us_portfolio_category-teknik-urun-kataloglari\" data-id=\"558\">\r\n\t\t<div class=\"w-grid-item-h\">\r\n\t\t\t\t\t\t\t<a class=\"w-grid-item-anchor\" href=\"https:\/\/www.tandt.com.tr\/?us_portfolio=kapi-kollari-2\" rel=\"bookmark\" aria-label=\"KAPI KOLLARI\"><\/a>\r\n\t\t\t\t\t\t<div class=\"w-post-elm post_image usg_post_image_1 stretched\"><a href=\"https:\/\/www.tandt.com.tr\/?us_portfolio=kapi-kollari-2\" aria-label=\"KAPI KOLLARI\"><img loading=\"lazy\" decoding=\"async\" width=\"154\" height=\"154\" src=\"https:\/\/www.tandt.com.tr\/wp-content\/uploads\/2021\/09\/KAPI-KOLLARI.png\" class=\"attachment-large size-large wp-post-image\" alt=\"\" srcset=\"https:\/\/www.tandt.com.tr\/wp-content\/uploads\/2021\/09\/KAPI-KOLLARI.png 154w, https:\/\/www.tandt.com.tr\/wp-content\/uploads\/2021\/09\/KAPI-KOLLARI-150x150.png 150w\" sizes=\"auto, (max-width: 154px) 100vw, 154px\" \/><\/a><\/div><div class=\"w-vwrapper usg_vwrapper_1 grid_style_12 align_center valign_middle\"><h2 class=\"w-post-elm post_title usg_post_title_1 entry-title color_link_inherit has_text_color\"><a href=\"https:\/\/www.tandt.com.tr\/?us_portfolio=kapi-kollari-2\">KAPI KOLLARI<\/a><\/h2><div class=\"w-post-elm post_taxonomy usg_post_taxonomy_1 style_simple color_link_inherit\"><a href=\"https:\/\/www.tandt.com.tr\/?us_portfolio=kapi-kollari-2\">TEKNIK URUN KATALOGLARI<\/a><\/div><\/div>\t\t<\/div>\r\n\t<\/article>\r\n\t<article class=\"w-grid-item size_1x1 post-564 us_portfolio type-us_portfolio status-publish has-post-thumbnail hentry us_portfolio_category-teknik-urun-kataloglari\" data-id=\"564\">\r\n\t\t<div class=\"w-grid-item-h\">\r\n\t\t\t\t\t\t\t<a class=\"w-grid-item-anchor\" href=\"https:\/\/www.tandt.com.tr\/?us_portfolio=tek-acilim-sistemleri-2\" rel=\"bookmark\" aria-label=\"TEK A\u00c7ILIM S\u0130STEMLER\u0130\"><\/a>\r\n\t\t\t\t\t\t<div class=\"w-post-elm post_image usg_post_image_1 stretched\"><a href=\"https:\/\/www.tandt.com.tr\/?us_portfolio=tek-acilim-sistemleri-2\" aria-label=\"TEK A\u00c7ILIM S\u0130STEMLER\u0130\"><img loading=\"lazy\" decoding=\"async\" width=\"154\" height=\"154\" src=\"https:\/\/www.tandt.com.tr\/wp-content\/uploads\/2021\/09\/TEK-ACILIM-SISTEMLERI.png\" class=\"attachment-large size-large wp-post-image\" alt=\"\" srcset=\"https:\/\/www.tandt.com.tr\/wp-content\/uploads\/2021\/09\/TEK-ACILIM-SISTEMLERI.png 154w, https:\/\/www.tandt.com.tr\/wp-content\/uploads\/2021\/09\/TEK-ACILIM-SISTEMLERI-150x150.png 150w\" sizes=\"auto, (max-width: 154px) 100vw, 154px\" \/><\/a><\/div><div class=\"w-vwrapper usg_vwrapper_1 grid_style_12 align_center valign_middle\"><h2 class=\"w-post-elm post_title usg_post_title_1 entry-title color_link_inherit has_text_color\"><a href=\"https:\/\/www.tandt.com.tr\/?us_portfolio=tek-acilim-sistemleri-2\">TEK A\u00c7ILIM S\u0130STEMLER\u0130<\/a><\/h2><div class=\"w-post-elm post_taxonomy usg_post_taxonomy_1 style_simple color_link_inherit\"><a href=\"https:\/\/www.tandt.com.tr\/?us_portfolio=tek-acilim-sistemleri-2\">TEKNIK URUN KATALOGLARI<\/a><\/div><\/div>\t\t<\/div>\r\n\t<\/article>\r\n\t<article class=\"w-grid-item size_1x1 post-563 us_portfolio type-us_portfolio status-publish has-post-thumbnail hentry us_portfolio_category-teknik-urun-kataloglari\" data-id=\"563\">\r\n\t\t<div class=\"w-grid-item-h\">\r\n\t\t\t\t\t\t\t<a class=\"w-grid-item-anchor\" href=\"https:\/\/www.tandt.com.tr\/?us_portfolio=pencere-kollari-2\" rel=\"bookmark\" aria-label=\"PENCERE KOLLARI\"><\/a>\r\n\t\t\t\t\t\t<div class=\"w-post-elm post_image usg_post_image_1 stretched\"><a href=\"https:\/\/www.tandt.com.tr\/?us_portfolio=pencere-kollari-2\" aria-label=\"PENCERE KOLLARI\"><img loading=\"lazy\" decoding=\"async\" width=\"154\" height=\"154\" src=\"https:\/\/www.tandt.com.tr\/wp-content\/uploads\/2021\/09\/URUNLER.png\" class=\"attachment-large size-large wp-post-image\" alt=\"\" srcset=\"https:\/\/www.tandt.com.tr\/wp-content\/uploads\/2021\/09\/URUNLER.png 154w, https:\/\/www.tandt.com.tr\/wp-content\/uploads\/2021\/09\/URUNLER-150x150.png 150w\" sizes=\"auto, (max-width: 154px) 100vw, 154px\" \/><\/a><\/div><div class=\"w-vwrapper usg_vwrapper_1 grid_style_12 align_center valign_middle\"><h2 class=\"w-post-elm post_title usg_post_title_1 entry-title color_link_inherit has_text_color\"><a href=\"https:\/\/www.tandt.com.tr\/?us_portfolio=pencere-kollari-2\">PENCERE KOLLARI<\/a><\/h2><div class=\"w-post-elm post_taxonomy usg_post_taxonomy_1 style_simple color_link_inherit\"><a href=\"https:\/\/www.tandt.com.tr\/?us_portfolio=pencere-kollari-2\">TEKNIK URUN KATALOGLARI<\/a><\/div><\/div>\t\t<\/div>\r\n\t<\/article>\r\n\t<article class=\"w-grid-item size_1x1 post-562 us_portfolio type-us_portfolio status-publish has-post-thumbnail hentry us_portfolio_category-teknik-urun-kataloglari\" data-id=\"562\">\r\n\t\t<div class=\"w-grid-item-h\">\r\n\t\t\t\t\t\t\t<a class=\"w-grid-item-anchor\" href=\"https:\/\/www.tandt.com.tr\/?us_portfolio=paralel-surme-sistemleri-2\" rel=\"bookmark\" aria-label=\"PARALEL S\u00dcRME S\u0130STEMLER\u0130\"><\/a>\r\n\t\t\t\t\t\t<div class=\"w-post-elm post_image usg_post_image_1 stretched\"><a href=\"https:\/\/www.tandt.com.tr\/?us_portfolio=paralel-surme-sistemleri-2\" aria-label=\"PARALEL S\u00dcRME S\u0130STEMLER\u0130\"><img loading=\"lazy\" decoding=\"async\" width=\"154\" height=\"154\" src=\"https:\/\/www.tandt.com.tr\/wp-content\/uploads\/2021\/09\/PARALEL-SURME-SISTEMLERI.png\" class=\"attachment-large size-large wp-post-image\" alt=\"\" srcset=\"https:\/\/www.tandt.com.tr\/wp-content\/uploads\/2021\/09\/PARALEL-SURME-SISTEMLERI.png 154w, https:\/\/www.tandt.com.tr\/wp-content\/uploads\/2021\/09\/PARALEL-SURME-SISTEMLERI-150x150.png 150w\" sizes=\"auto, (max-width: 154px) 100vw, 154px\" \/><\/a><\/div><div class=\"w-vwrapper usg_vwrapper_1 grid_style_12 align_center valign_middle\"><h2 class=\"w-post-elm post_title usg_post_title_1 entry-title color_link_inherit has_text_color\"><a href=\"https:\/\/www.tandt.com.tr\/?us_portfolio=paralel-surme-sistemleri-2\">PARALEL S\u00dcRME S\u0130STEMLER\u0130<\/a><\/h2><div class=\"w-post-elm post_taxonomy usg_post_taxonomy_1 style_simple color_link_inherit\"><a href=\"https:\/\/www.tandt.com.tr\/?us_portfolio=paralel-surme-sistemleri-2\">TEKNIK URUN KATALOGLARI<\/a><\/div><\/div>\t\t<\/div>\r\n\t<\/article>\r\n\t<article class=\"w-grid-item size_1x1 post-561 us_portfolio type-us_portfolio status-publish has-post-thumbnail hentry us_portfolio_category-teknik-urun-kataloglari\" data-id=\"561\">\r\n\t\t<div class=\"w-grid-item-h\">\r\n\t\t\t\t\t\t\t<a class=\"w-grid-item-anchor\" href=\"https:\/\/www.tandt.com.tr\/?us_portfolio=kilitli-kapi-sistemleri\" rel=\"bookmark\" aria-label=\"K\u0130L\u0130TL\u0130 KAPI S\u0130STEMLER\u0130\"><\/a>\r\n\t\t\t\t\t\t<div class=\"w-post-elm post_image usg_post_image_1 stretched\"><a href=\"https:\/\/www.tandt.com.tr\/?us_portfolio=kilitli-kapi-sistemleri\" aria-label=\"K\u0130L\u0130TL\u0130 KAPI S\u0130STEMLER\u0130\"><img loading=\"lazy\" decoding=\"async\" width=\"1024\" height=\"1024\" src=\"https:\/\/www.tandt.com.tr\/wp-content\/uploads\/2021\/09\/KILITLI-KAPI-SISTEMLERI.svg\" class=\"attachment-large size-large wp-post-image\" alt=\"\" \/><\/a><\/div><div class=\"w-vwrapper usg_vwrapper_1 grid_style_12 align_center valign_middle\"><h2 class=\"w-post-elm post_title usg_post_title_1 entry-title color_link_inherit has_text_color\"><a href=\"https:\/\/www.tandt.com.tr\/?us_portfolio=kilitli-kapi-sistemleri\">K\u0130L\u0130TL\u0130 KAPI S\u0130STEMLER\u0130<\/a><\/h2><div class=\"w-post-elm post_taxonomy usg_post_taxonomy_1 style_simple color_link_inherit\"><a href=\"https:\/\/www.tandt.com.tr\/?us_portfolio=kilitli-kapi-sistemleri\">TEKNIK URUN KATALOGLARI<\/a><\/div><\/div>\t\t<\/div>\r\n\t<\/article>\r\n\t<article class=\"w-grid-item size_1x1 post-560 us_portfolio type-us_portfolio status-publish has-post-thumbnail hentry us_portfolio_category-teknik-urun-kataloglari\" data-id=\"560\">\r\n\t\t<div class=\"w-grid-item-h\">\r\n\t\t\t\t\t\t\t<a class=\"w-grid-item-anchor\" href=\"https:\/\/www.tandt.com.tr\/?us_portfolio=kepenk-aksesuarlari-2\" rel=\"bookmark\" aria-label=\"KEPENK AKSESUARLARI\"><\/a>\r\n\t\t\t\t\t\t<div class=\"w-post-elm post_image usg_post_image_1 stretched\"><a href=\"https:\/\/www.tandt.com.tr\/?us_portfolio=kepenk-aksesuarlari-2\" aria-label=\"KEPENK AKSESUARLARI\"><img loading=\"lazy\" decoding=\"async\" width=\"154\" height=\"154\" src=\"https:\/\/www.tandt.com.tr\/wp-content\/uploads\/2021\/09\/KEPENK-AKSESUARLARI.png\" class=\"attachment-large size-large wp-post-image\" alt=\"\" srcset=\"https:\/\/www.tandt.com.tr\/wp-content\/uploads\/2021\/09\/KEPENK-AKSESUARLARI.png 154w, https:\/\/www.tandt.com.tr\/wp-content\/uploads\/2021\/09\/KEPENK-AKSESUARLARI-150x150.png 150w\" sizes=\"auto, (max-width: 154px) 100vw, 154px\" \/><\/a><\/div><div class=\"w-vwrapper usg_vwrapper_1 grid_style_12 align_center valign_middle\"><h2 class=\"w-post-elm post_title usg_post_title_1 entry-title color_link_inherit has_text_color\"><a href=\"https:\/\/www.tandt.com.tr\/?us_portfolio=kepenk-aksesuarlari-2\">KEPENK AKSESUARLARI<\/a><\/h2><div class=\"w-post-elm post_taxonomy usg_post_taxonomy_1 style_simple color_link_inherit\"><a href=\"https:\/\/www.tandt.com.tr\/?us_portfolio=kepenk-aksesuarlari-2\">TEKNIK URUN KATALOGLARI<\/a><\/div><\/div>\t\t<\/div>\r\n\t<\/article>\r\n\t<article class=\"w-grid-item size_1x1 post-559 us_portfolio type-us_portfolio status-publish has-post-thumbnail hentry us_portfolio_category-teknik-urun-kataloglari\" data-id=\"559\">\r\n\t\t<div class=\"w-grid-item-h\">\r\n\t\t\t\t\t\t\t<a class=\"w-grid-item-anchor\" href=\"https:\/\/www.tandt.com.tr\/?us_portfolio=katlanir-kapi-sistemleri\" rel=\"bookmark\" aria-label=\"KATLANIR KAPI S\u0130STEMLER\u0130\"><\/a>\r\n\t\t\t\t\t\t<div class=\"w-post-elm post_image usg_post_image_1 stretched\"><a href=\"https:\/\/www.tandt.com.tr\/?us_portfolio=katlanir-kapi-sistemleri\" aria-label=\"KATLANIR KAPI S\u0130STEMLER\u0130\"><img loading=\"lazy\" decoding=\"async\" width=\"1024\" height=\"1024\" src=\"https:\/\/www.tandt.com.tr\/wp-content\/uploads\/2021\/09\/KATLANIR-KAPI-SISTEMLERI.svg\" class=\"attachment-large size-large wp-post-image\" alt=\"\" \/><\/a><\/div><div class=\"w-vwrapper usg_vwrapper_1 grid_style_12 align_center valign_middle\"><h2 class=\"w-post-elm post_title usg_post_title_1 entry-title color_link_inherit has_text_color\"><a href=\"https:\/\/www.tandt.com.tr\/?us_portfolio=katlanir-kapi-sistemleri\">KATLANIR KAPI S\u0130STEMLER\u0130<\/a><\/h2><div class=\"w-post-elm post_taxonomy usg_post_taxonomy_1 style_simple color_link_inherit\"><a href=\"https:\/\/www.tandt.com.tr\/?us_portfolio=katlanir-kapi-sistemleri\">TEKNIK URUN KATALOGLARI<\/a><\/div><\/div>\t\t<\/div>\r\n\t<\/article>\r\n\t<article class=\"w-grid-item size_1x1 post-555 us_portfolio type-us_portfolio status-publish has-post-thumbnail hentry us_portfolio_category-teknik-urun-kataloglari\" data-id=\"555\">\r\n\t\t<div class=\"w-grid-item-h\">\r\n\t\t\t\t\t\t\t<a class=\"w-grid-item-anchor\" href=\"https:\/\/www.tandt.com.tr\/?us_portfolio=genel-aksesuarlar-2\" rel=\"bookmark\" aria-label=\"GENEL AKSESUARLAR\"><\/a>\r\n\t\t\t\t\t\t<div class=\"w-post-elm post_image usg_post_image_1 stretched\"><a href=\"https:\/\/www.tandt.com.tr\/?us_portfolio=genel-aksesuarlar-2\" aria-label=\"GENEL AKSESUARLAR\"><img loading=\"lazy\" decoding=\"async\" width=\"154\" height=\"154\" src=\"https:\/\/www.tandt.com.tr\/wp-content\/uploads\/2021\/09\/GENEL-AKSESUAR.png\" class=\"attachment-large size-large wp-post-image\" alt=\"\" srcset=\"https:\/\/www.tandt.com.tr\/wp-content\/uploads\/2021\/09\/GENEL-AKSESUAR.png 154w, https:\/\/www.tandt.com.tr\/wp-content\/uploads\/2021\/09\/GENEL-AKSESUAR-150x150.png 150w\" sizes=\"auto, (max-width: 154px) 100vw, 154px\" \/><\/a><\/div><div class=\"w-vwrapper usg_vwrapper_1 grid_style_12 align_center valign_middle\"><h2 class=\"w-post-elm post_title usg_post_title_1 entry-title color_link_inherit has_text_color\"><a href=\"https:\/\/www.tandt.com.tr\/?us_portfolio=genel-aksesuarlar-2\">GENEL AKSESUARLAR<\/a><\/h2><div class=\"w-post-elm post_taxonomy usg_post_taxonomy_1 style_simple color_link_inherit\"><a href=\"https:\/\/www.tandt.com.tr\/?us_portfolio=genel-aksesuarlar-2\">TEKNIK URUN KATALOGLARI<\/a><\/div><\/div>\t\t<\/div>\r\n\t<\/article>\r\n\t<article class=\"w-grid-item size_1x1 post-550 us_portfolio type-us_portfolio status-publish has-post-thumbnail hentry us_portfolio_category-teknik-urun-kataloglari\" data-id=\"550\">\r\n\t\t<div class=\"w-grid-item-h\">\r\n\t\t\t\t\t\t\t<a class=\"w-grid-item-anchor\" href=\"https:\/\/www.tandt.com.tr\/?us_portfolio=cift-acilim-sistemler\" rel=\"bookmark\" aria-label=\"\u00c7\u0130FT A\u00c7ILIM S\u0130STEMLER\"><\/a>\r\n\t\t\t\t\t\t<div class=\"w-post-elm post_image usg_post_image_1 stretched\"><a href=\"https:\/\/www.tandt.com.tr\/?us_portfolio=cift-acilim-sistemler\" aria-label=\"\u00c7\u0130FT A\u00c7ILIM S\u0130STEMLER\"><img loading=\"lazy\" decoding=\"async\" width=\"154\" height=\"154\" src=\"https:\/\/www.tandt.com.tr\/wp-content\/uploads\/2021\/09\/CIFT-ACILIM-SISTEMLERI-1.png\" class=\"attachment-large size-large wp-post-image\" alt=\"\" srcset=\"https:\/\/www.tandt.com.tr\/wp-content\/uploads\/2021\/09\/CIFT-ACILIM-SISTEMLERI-1.png 154w, https:\/\/www.tandt.com.tr\/wp-content\/uploads\/2021\/09\/CIFT-ACILIM-SISTEMLERI-1-150x150.png 150w\" sizes=\"auto, (max-width: 154px) 100vw, 154px\" \/><\/a><\/div><div class=\"w-vwrapper usg_vwrapper_1 grid_style_12 align_center valign_middle\"><h2 class=\"w-post-elm post_title usg_post_title_1 entry-title color_link_inherit has_text_color\"><a href=\"https:\/\/www.tandt.com.tr\/?us_portfolio=cift-acilim-sistemler\">\u00c7\u0130FT A\u00c7ILIM S\u0130STEMLER<\/a><\/h2><div class=\"w-post-elm post_taxonomy usg_post_taxonomy_1 style_simple color_link_inherit\"><a href=\"https:\/\/www.tandt.com.tr\/?us_portfolio=cift-acilim-sistemler\">TEKNIK URUN KATALOGLARI<\/a><\/div><\/div>\t\t<\/div>\r\n\t<\/article>\r\n<\/div><div class=\"w-grid-preloader\"><div class=\"g-preloader type_1\">\r\n\t<div><\/div>\r\n<\/div>\r\n<\/div>\t<div class=\"w-grid-json hidden\" onclick='return {&quot;action&quot;:&quot;us_ajax_grid&quot;,&quot;ajax_url&quot;:&quot;https:\\\/\\\/www.tandt.com.tr\\\/wp-admin\\\/admin-ajax.php&quot;,&quot;infinite_scroll&quot;:0,&quot;max_num_pages&quot;:1,&quot;pagination&quot;:&quot;none&quot;,&quot;permalink_url&quot;:&quot;https:\\\/\\\/www.tandt.com.tr&quot;,&quot;template_vars&quot;:{&quot;columns&quot;:&quot;3&quot;,&quot;exclude_items&quot;:&quot;none&quot;,&quot;img_size&quot;:&quot;default&quot;,&quot;ignore_items_size&quot;:false,&quot;items_layout&quot;:&quot;489&quot;,&quot;items_offset&quot;:&quot;1&quot;,&quot;load_animation&quot;:&quot;none&quot;,&quot;overriding_link&quot;:&quot;post&quot;,&quot;post_id&quot;:31,&quot;query_args&quot;:{&quot;post_type&quot;:[&quot;us_portfolio&quot;],&quot;tax_query&quot;:[{&quot;taxonomy&quot;:&quot;us_portfolio_category&quot;,&quot;field&quot;:&quot;slug&quot;,&quot;terms&quot;:[&quot;teknik-urun-kataloglari&quot;]}],&quot;post_status&quot;:[&quot;publish&quot;],&quot;posts_per_page&quot;:&quot;10&quot;},&quot;orderby_query_args&quot;:{&quot;orderby&quot;:{&quot;date&quot;:&quot;DESC&quot;}},&quot;type&quot;:&quot;grid&quot;,&quot;us_grid_ajax_index&quot;:1,&quot;us_grid_filter_params&quot;:null,&quot;us_grid_index&quot;:1,&quot;_us_grid_post_type&quot;:&quot;us_portfolio&quot;}}'><\/div>\r\n\t<\/div><\/div><\/div><div class=\"wpb_column vc_column_container\"><div class=\"vc_column-inner\"><\/div><\/div><\/div><\/div><\/section>\n","protected":false},"excerpt":{"rendered":"Please wait while flipbook is loading. For more related info, FAQs and issues please refer to DearFlip WordPress Flipbook Plugin Help documentation. PDF \u0130ND\u0130RTEKN\u0130K \u00dcR\u00dcN KATALOGLARI","protected":false},"author":1,"featured_media":0,"parent":29,"menu_order":0,"comment_status":"closed","ping_status":"closed","template":"","meta":{"footnotes":""},"class_list":["post-31","page","type-page","status-publish","hentry"],"_links":{"self":[{"href":"https:\/\/www.tandt.com.tr\/index.php?rest_route=\/wp\/v2\/pages\/31","targetHints":{"allow":["GET"]}}],"collection":[{"href":"https:\/\/www.tandt.com.tr\/index.php?rest_route=\/wp\/v2\/pages"}],"about":[{"href":"https:\/\/www.tandt.com.tr\/index.php?rest_route=\/wp\/v2\/types\/page"}],"author":[{"embeddable":true,"href":"https:\/\/www.tandt.com.tr\/index.php?rest_route=\/wp\/v2\/users\/1"}],"replies":[{"embeddable":true,"href":"https:\/\/www.tandt.com.tr\/index.php?rest_route=%2Fwp%2Fv2%2Fcomments&post=31"}],"version-history":[{"count":43,"href":"https:\/\/www.tandt.com.tr\/index.php?rest_route=\/wp\/v2\/pages\/31\/revisions"}],"predecessor-version":[{"id":1464,"href":"https:\/\/www.tandt.com.tr\/index.php?rest_route=\/wp\/v2\/pages\/31\/revisions\/1464"}],"up":[{"embeddable":true,"href":"https:\/\/www.tandt.com.tr\/index.php?rest_route=\/wp\/v2\/pages\/29"}],"wp:attachment":[{"href":"https:\/\/www.tandt.com.tr\/index.php?rest_route=%2Fwp%2Fv2%2Fmedia&parent=31"}],"curies":[{"name":"wp","href":"https:\/\/api.w.org\/{rel}","templated":true}]}}