{"id":313,"date":"2021-09-23T15:16:22","date_gmt":"2021-09-23T12:16:22","guid":{"rendered":"http:\/\/www.tandt.com.tr?page_id=313"},"modified":"2021-09-23T15:59:11","modified_gmt":"2021-09-23T12:59:11","slug":"haberler","status":"publish","type":"page","link":"https:\/\/www.tandt.com.tr\/?page_id=313","title":{"rendered":"HABERLER"},"content":{"rendered":"<section class=\"l-section wpb_row height_auto width_full\"><div class=\"l-section-h i-cf\"><div class=\"g-cols via_grid cols_1 laptops-cols_inherit tablets-cols_inherit mobiles-cols_1 valign_top type_default\"><div class=\"wpb_column vc_column_container\"><div class=\"vc_column-inner\"><div class=\"w-separator size_medium\"><\/div><div class=\"w-image align_center\"><div class=\"w-image-h\"><img loading=\"lazy\" decoding=\"async\" width=\"1907\" height=\"434\" src=\"https:\/\/www.tandt.com.tr\/wp-content\/uploads\/2021\/08\/0052.jpg\" class=\"attachment-full size-full\" alt=\"\" srcset=\"https:\/\/www.tandt.com.tr\/wp-content\/uploads\/2021\/08\/0052.jpg 1907w, https:\/\/www.tandt.com.tr\/wp-content\/uploads\/2021\/08\/0052-300x68.jpg 300w, https:\/\/www.tandt.com.tr\/wp-content\/uploads\/2021\/08\/0052-1024x233.jpg 1024w\" sizes=\"auto, (max-width: 1907px) 100vw, 1907px\" \/><\/div><\/div><\/div><\/div><\/div><\/div><\/section><section class=\"l-section wpb_row height_medium with_img\"><div class=\"l-section-img\" style=\"background-image: url(https:\/\/www.tandt.com.tr\/wp-content\/uploads\/2021\/09\/5634876.png);background-position: top right;background-repeat: no-repeat;background-size: contain;\" data-img-width=\"1250\" data-img-height=\"2811\"><\/div><div class=\"l-section-h i-cf\"><div class=\"g-cols via_grid cols_1-4-1 laptops-cols_inherit tablets-cols_inherit mobiles-cols_1 valign_top type_default\"><div class=\"wpb_column vc_column_container\"><div class=\"vc_column-inner\"><\/div><\/div><div class=\"wpb_column vc_column_container\"><div class=\"vc_column-inner\"><div class=\"w-grid type_grid layout_214 cols_3 overflow_hidden\" id=\"us_grid_1\" data-filterable=\"true\"><style>#us_grid_1 .w-grid-item{padding:1.5rem}#us_grid_1 .w-grid-list{margin:-1.5rem}.w-grid + #us_grid_1 .w-grid-list{margin-top:1.5rem}@media (max-width:899px){#us_grid_1 .w-grid-item{width:50.0000%}}@media (max-width:599px){#us_grid_1 .w-grid-list{margin:0}#us_grid_1 .w-grid-item{width:100.0000%;padding:0;margin-bottom:1.5rem}}.layout_214 .w-grid-item-h{background:var(--color-content-bg);color:var(--color-content-text);border-radius:0.3rem;z-index:3;box-shadow:0 0.03rem 0.06rem rgba(0,0,0,0.1),0 0.10rem 0.30rem rgba(0,0,0,0.1);transition-duration:0.3s}.no-touch .layout_214 .w-grid-item-h:hover{box-shadow:0 0.10rem 0.20rem rgba(0,0,0,0.1),0 0.33rem 1.00rem rgba(0,0,0,0.15);z-index:4}.layout_214 .usg_post_title_1{font-size:1.4rem!important;font-weight:700!important}.layout_214 .usg_vwrapper_1{padding:9% 11% 11% 11%!important}@media (max-width:600px){.layout_214 .usg_post_title_1{font-size:1.2rem!important}}<\/style><div class=\"w-grid-list\">\t<article class=\"w-grid-item size_1x1 post-1751 post type-post status-publish format-standard has-post-thumbnail hentry category-haberler\" data-id=\"1751\">\r\n\t\t<div class=\"w-grid-item-h\">\r\n\t\t\t\t\t\t<div class=\"w-post-elm post_image usg_post_image_1\"><a href=\"https:\/\/www.tandt.com.tr\/?p=1751\" aria-label=\"Pencere Eurasia Window \u0130stanbul Fuar\u0131\"><img loading=\"lazy\" decoding=\"async\" width=\"300\" height=\"250\" src=\"https:\/\/www.tandt.com.tr\/wp-content\/uploads\/2024\/10\/banner_ktr_7_701C-tr.png\" class=\"attachment-us_1024_1024_crop size-us_1024_1024_crop wp-post-image\" alt=\"\" \/><\/a><\/div><div class=\"w-vwrapper usg_vwrapper_1 align_none valign_top\"><h2 class=\"w-post-elm post_title usg_post_title_1 entry-title color_link_inherit\"><a href=\"https:\/\/www.tandt.com.tr\/?p=1751\">Pencere Eurasia Window \u0130stanbul Fuar\u0131<\/a><\/h2><\/div>\t\t<\/div>\r\n\t<\/article>\r\n<\/div><div class=\"w-grid-preloader\"><div class=\"g-preloader type_1\">\r\n\t<div><\/div>\r\n<\/div>\r\n<\/div>\t<div class=\"w-grid-json hidden\" onclick='return {&quot;action&quot;:&quot;us_ajax_grid&quot;,&quot;ajax_url&quot;:&quot;https:\\\/\\\/www.tandt.com.tr\\\/wp-admin\\\/admin-ajax.php&quot;,&quot;infinite_scroll&quot;:0,&quot;max_num_pages&quot;:1,&quot;pagination&quot;:&quot;none&quot;,&quot;permalink_url&quot;:&quot;https:\\\/\\\/www.tandt.com.tr&quot;,&quot;template_vars&quot;:{&quot;columns&quot;:&quot;3&quot;,&quot;exclude_items&quot;:&quot;none&quot;,&quot;img_size&quot;:&quot;default&quot;,&quot;ignore_items_size&quot;:false,&quot;items_layout&quot;:&quot;214&quot;,&quot;items_offset&quot;:&quot;1&quot;,&quot;load_animation&quot;:&quot;none&quot;,&quot;overriding_link&quot;:&quot;none&quot;,&quot;post_id&quot;:313,&quot;query_args&quot;:{&quot;post_type&quot;:[&quot;post&quot;],&quot;tax_query&quot;:[{&quot;taxonomy&quot;:&quot;category&quot;,&quot;field&quot;:&quot;slug&quot;,&quot;terms&quot;:[&quot;haberler&quot;]}],&quot;post_status&quot;:[&quot;publish&quot;],&quot;posts_per_page&quot;:&quot;6&quot;},&quot;orderby_query_args&quot;:{&quot;orderby&quot;:{&quot;date&quot;:&quot;DESC&quot;}},&quot;type&quot;:&quot;grid&quot;,&quot;us_grid_ajax_index&quot;:1,&quot;us_grid_filter_params&quot;:null,&quot;us_grid_index&quot;:1,&quot;_us_grid_post_type&quot;:&quot;post&quot;}}'><\/div>\r\n\t<\/div><\/div><\/div><div class=\"wpb_column vc_column_container\"><div class=\"vc_column-inner\"><\/div><\/div><\/div><\/div><\/section>\n","protected":false},"excerpt":{"rendered":"Bizim i\u00e7in b\u00fcy\u00fck bir heyecanla yakla\u015fan Eurasia Window 2025 Fuar\u0131'na kat\u0131laca\u011f\u0131m\u0131z\u0131 sizlerle payla\u015fmaktan memnuniyet duyuyoruz. 36 y\u0131ldan uzun bir s\u00fcredir sekt\u00f6rdeki lider konumumuzu koruyarak, PVC pencere ve kap\u0131 sistemleri i\u00e7in \u00fcretti\u011fimiz yenilik\u00e7i aksesuarlar\u0131m\u0131z\u0131 bu prestijli platformda sergileyece\u011fiz. Sizleri de 15-18 Kas\u0131m 2025 tarihleri aras\u0131nda, \u0130stanbul T\u00dcYAP Fuar ve Kongre Merkezi'nde d\u00fczenlenecek bu uluslararas\u0131 organizasyonda stand\u0131m\u0131zda...","protected":false},"author":1,"featured_media":0,"parent":0,"menu_order":0,"comment_status":"closed","ping_status":"closed","template":"","meta":{"footnotes":""},"class_list":["post-313","page","type-page","status-publish","hentry"],"_links":{"self":[{"href":"https:\/\/www.tandt.com.tr\/index.php?rest_route=\/wp\/v2\/pages\/313","targetHints":{"allow":["GET"]}}],"collection":[{"href":"https:\/\/www.tandt.com.tr\/index.php?rest_route=\/wp\/v2\/pages"}],"about":[{"href":"https:\/\/www.tandt.com.tr\/index.php?rest_route=\/wp\/v2\/types\/page"}],"author":[{"embeddable":true,"href":"https:\/\/www.tandt.com.tr\/index.php?rest_route=\/wp\/v2\/users\/1"}],"replies":[{"embeddable":true,"href":"https:\/\/www.tandt.com.tr\/index.php?rest_route=%2Fwp%2Fv2%2Fcomments&post=313"}],"version-history":[{"count":3,"href":"https:\/\/www.tandt.com.tr\/index.php?rest_route=\/wp\/v2\/pages\/313\/revisions"}],"predecessor-version":[{"id":323,"href":"https:\/\/www.tandt.com.tr\/index.php?rest_route=\/wp\/v2\/pages\/313\/revisions\/323"}],"wp:attachment":[{"href":"https:\/\/www.tandt.com.tr\/index.php?rest_route=%2Fwp%2Fv2%2Fmedia&parent=313"}],"curies":[{"name":"wp","href":"https:\/\/api.w.org\/{rel}","templated":true}]}}